{"id":43,"date":"2015-11-24T19:00:42","date_gmt":"2015-11-24T18:00:42","guid":{"rendered":"http:\/\/www.connyscholz.de\/?page_id=43"},"modified":"2016-01-06T17:25:03","modified_gmt":"2016-01-06T17:25:03","slug":"seminare","status":"publish","type":"page","link":"https:\/\/connyscholz.de\/?page_id=43","title":{"rendered":"Seminare"},"content":{"rendered":"<p><strong>Seminare<\/strong><\/p>\n<p>Aktuelle Seminar-Termine finden Sie hier:\u00a0<a href=\"http:\/\/www.connyscholz.de\/?page_id=40\">Termine<\/a><\/p>\n<p><strong>Pers\u00f6nliche Freiheit<\/strong><\/p>\n<p>Lernen Sie Ihre Pers\u00f6nlichkeit kennen, finden Sie Ihre Wahrheit und erkennen Sie den Sinn und Zweck Ihres Lebens. Fangen Sie damit an, Ihr Leben zu pr\u00fcfen! Pr\u00fcfungen werden zu Erfahrungen, aus Glauben entsteht Wissen, aus Wissen entsteht Ihre Weisheit.<\/p>\n<p><strong>Numerologie-Seminare: Die Welt der Zahlen und Buchstaben<\/strong><\/p>\n<p><a href=\"http:\/\/www.connyscholz.de\/wp-content\/uploads\/2015\/11\/38.jpg\"><img loading=\"lazy\" decoding=\"async\" class=\"alignnone size-medium wp-image-46\" src=\"http:\/\/www.connyscholz.de\/wp-content\/uploads\/2015\/11\/38-300x189.jpg\" alt=\"Numerologie\" width=\"300\" height=\"189\" \/><\/a><\/p>\n<p>Entschl\u00fcsseln Sie Ihren Lebenszweck, Ihre F\u00e4higkeiten und Talente aus der Welt der Zahlen und Buchstaben.<\/p>\n<p>Erlernen Sie ein wunderbares Werkzeug, um den Sinn und Zweck einer Geburts- oder Tageszahl, von Namen oder Orten zu erfahren.<\/p>\n<p>Die Geheimnisse des Lebens sind einfach.<\/p>\n<p><strong>Numerologie-Intensiv-Seminar: \u00a0Die Welt der Zahlen und Buchstaben erkennen und verstehen lernen.<\/strong><\/p>\n<p>Die Entschl\u00fcsselung der Zahlen und Buchstaben mit Hilfe der Numerologie geben uns Auskunft \u00fcber unseren Lebenszweck, die Talente und F\u00e4higkeiten, die wir haben und die Situationen, in die wir verwickelt sind. Erlernen Sie auf\u00a0einfache und praktische Art Geburtsdatum, Namen\u00a0auszuarbeiten. Erfahren Sie die Schwingungen von\u00a0Zahlen und Worten und welche Bedeutung das f\u00fcr Sie haben kann.<\/p>\n<p>Seminarzeit 10 bis 18 Uhr. Die aktuellen Termine finden Sie auf dem Terminkalender. \u00a0 \u00a0 \u00a0 Der Preis betr\u00e4gt 99\u00a0Euro inkl. MwSt. pro Teilnehmer\/In.<\/p>\n<p>&nbsp;<\/p>\n<p><strong>Basis-Seminar &#8211; Die Welt der Zahlen:<\/strong><\/p>\n<p>Das Geburtsdatum und die Entschl\u00fcsselung der Zahlen mit Hilfe der Numerologie geben uns Auskunft \u00fcber unseren Lebenszweck, die Talente und F\u00e4higkeiten, die wir haben und die Situationen, in die wir verwickelt sind. Erlernen Sie durch einfache Art und weise die Zahlen und somit auch jedes Datum zu entschl\u00fcsseln. Das Leben ist leichter, wenn man die eigenen Geheimnisse kennt.<\/p>\n<p>Grundkenntnisse sind nicht erforderlich!<\/p>\n<p>Das Basis-Seminar dauert 4 Stunden. Der Preis betr\u00e4gt 70\u00a0Euro inkl. MwSt. pro Teilnehmer\/In.<\/p>\n<p><strong>Aufbau-Seminar &#8211; Die Welt der Buchstaben:<\/strong><\/p>\n<p>Der Name und die Entschl\u00fcsselung der Buchstaben mit Hilfe der Numerologie geben uns Auskunft \u00fcber den Zweck, die Talente, F\u00e4higkeiten oder M\u00f6glichkeiten, die darin enthalten sind oder auch die Situationen und Herausforderungen, denen wir uns stellen. Erlernen Sie durch einfache Art und Weise die Buchstaben und somit auch jedes Wort zu entschl\u00fcsseln. Egal ob Familienname, Ort oder Firmenname, Mitarbeiter, Kunde, Klient oder Lieferant &#8211; es ist gut, zu wissen, womit man es zu tun hat.<\/p>\n<p>Grundlage f\u00fcr dieses Seminar ist der Basiskurs.<\/p>\n<p>Das Aufbau-Seminar dauert 4\u00a0Stunden. Der Preis betr\u00e4gt 60 Euro inkl MwSt. pro Teilnehmer\/In.<\/p>\n<p>Download:\u00a0<a href=\"http:\/\/www.connyscholz.de\/wp-content\/uploads\/2015\/11\/Anmeldung2012.pdf\">Anmeldung<\/a><\/p>\n","protected":false},"excerpt":{"rendered":"<p>Seminare Aktuelle Seminar-Termine finden Sie hier:\u00a0Termine Pers\u00f6nliche Freiheit Lernen Sie Ihre Pers\u00f6nlichkeit kennen, finden Sie Ihre Wahrheit und erkennen Sie den Sinn und Zweck Ihres Lebens. Fangen Sie damit an, Ihr Leben zu pr\u00fcfen! Pr\u00fcfungen werden zu Erfahrungen, aus Glauben entsteht Wissen, aus Wissen entsteht Ihre Weisheit. Numerologie-Seminare: Die Welt der Zahlen und Buchstaben Entschl\u00fcsseln &hellip; <a href=\"https:\/\/connyscholz.de\/?page_id=43\" class=\"more-link\"><span class=\"screen-reader-text\">Seminare<\/span> weiterlesen <span class=\"meta-nav\">&rarr;<\/span><\/a><\/p>\n","protected":false},"author":1,"featured_media":0,"parent":0,"menu_order":0,"comment_status":"closed","ping_status":"closed","template":"","meta":{"footnotes":""},"class_list":["post-43","page","type-page","status-publish","hentry"],"_links":{"self":[{"href":"https:\/\/connyscholz.de\/index.php?rest_route=\/wp\/v2\/pages\/43","targetHints":{"allow":["GET"]}}],"collection":[{"href":"https:\/\/connyscholz.de\/index.php?rest_route=\/wp\/v2\/pages"}],"about":[{"href":"https:\/\/connyscholz.de\/index.php?rest_route=\/wp\/v2\/types\/page"}],"author":[{"embeddable":true,"href":"https:\/\/connyscholz.de\/index.php?rest_route=\/wp\/v2\/users\/1"}],"replies":[{"embeddable":true,"href":"https:\/\/connyscholz.de\/index.php?rest_route=%2Fwp%2Fv2%2Fcomments&post=43"}],"version-history":[{"count":5,"href":"https:\/\/connyscholz.de\/index.php?rest_route=\/wp\/v2\/pages\/43\/revisions"}],"predecessor-version":[{"id":153,"href":"https:\/\/connyscholz.de\/index.php?rest_route=\/wp\/v2\/pages\/43\/revisions\/153"}],"wp:attachment":[{"href":"https:\/\/connyscholz.de\/index.php?rest_route=%2Fwp%2Fv2%2Fmedia&parent=43"}],"curies":[{"name":"wp","href":"https:\/\/api.w.org\/{rel}","templated":true}]}}