{"id":156,"date":"2016-01-12T13:38:58","date_gmt":"2016-01-12T13:38:58","guid":{"rendered":"http:\/\/connyscholz.de\/?page_id=156"},"modified":"2020-04-05T14:59:43","modified_gmt":"2020-04-05T14:59:43","slug":"ambiente","status":"publish","type":"page","link":"https:\/\/connyscholz.de\/?page_id=156","title":{"rendered":"Ambiente"},"content":{"rendered":"<p><strong>Der Veranstaltungsort in Buch &#8211; ein Platz zum Ruhen, Entspannen, Genie\u00dfen und Entdecken&#8230; und wenn 6000 qm nicht gen\u00fcgen&#8230; nebenan sind Wald und Wiesen!<\/strong><\/p>\n<p><a href=\"http:\/\/connyscholz.de\/wp-content\/uploads\/2016\/01\/Frisch-gem\u00e4ht-und-Holz-aufgeschlichtet.jpg\"><img loading=\"lazy\" decoding=\"async\" class=\"size-medium wp-image-157 alignnone\" src=\"http:\/\/connyscholz.de\/wp-content\/uploads\/2016\/01\/Frisch-gem\u00e4ht-und-Holz-aufgeschlichtet-300x225.jpg\" alt=\"Frisch gem\u00e4ht und Holz aufgeschlichtet\" width=\"300\" height=\"225\" \/><\/a><a href=\"http:\/\/connyscholz.de\/wp-content\/uploads\/2016\/01\/Garten_Ambiente.jpg\"><img loading=\"lazy\" decoding=\"async\" class=\"alignnone wp-image-173\" src=\"http:\/\/connyscholz.de\/wp-content\/uploads\/2016\/01\/Garten_Ambiente-300x174.jpg\" alt=\"Garten_Ambiente\" width=\"340\" height=\"197\" \/><\/a><\/p>\n<p>Der Garten im Sommer &#8211; ein Sommertraum zur Erholung.<\/p>\n<p><a href=\"http:\/\/connyscholz.de\/wp-content\/uploads\/2016\/01\/Garten_-nach-der-Apfelernte-2015.jpg\"><img loading=\"lazy\" decoding=\"async\" class=\"alignnone size-medium wp-image-160\" src=\"http:\/\/connyscholz.de\/wp-content\/uploads\/2016\/01\/Garten_-nach-der-Apfelernte-2015-300x225.jpg\" alt=\"Garten_ nach der Apfelernte 2015\" width=\"300\" height=\"225\" \/><\/a>\u00a0<a href=\"http:\/\/connyscholz.de\/wp-content\/uploads\/2016\/01\/Herbstlaub-2015.jpg\"><img loading=\"lazy\" decoding=\"async\" class=\"alignnone size-medium wp-image-174\" src=\"http:\/\/connyscholz.de\/wp-content\/uploads\/2016\/01\/Herbstlaub-2015-300x225.jpg\" alt=\"Herbstlaub 2015\" width=\"300\" height=\"225\" \/><\/a><\/p>\n<p>Das Seminarhaus &#8211; Schwimmteich &#8211; Apfelb\u00e4ume und mehr&#8230;<\/p>\n<p><a href=\"http:\/\/connyscholz.de\/wp-content\/uploads\/2016\/01\/Meditation-im-Garten-e1452614753633.jpg\"><img loading=\"lazy\" decoding=\"async\" class=\"alignnone wp-image-176 size-medium\" src=\"http:\/\/connyscholz.de\/wp-content\/uploads\/2016\/01\/Meditation-im-Garten-300x225.jpg\" alt=\"\" width=\"300\" height=\"225\" \/><\/a>\u00a0<a href=\"http:\/\/connyscholz.de\/wp-content\/uploads\/2016\/01\/Entspannung-mit-Blick-auf-den-Teich.jpg\"><img loading=\"lazy\" decoding=\"async\" class=\"alignnone size-medium wp-image-171\" src=\"http:\/\/connyscholz.de\/wp-content\/uploads\/2016\/01\/Entspannung-mit-Blick-auf-den-Teich-300x225.jpg\" alt=\"Entspannung mit Blick auf den Teich\" width=\"300\" height=\"225\" \/><\/a><\/p>\n<p><a href=\"http:\/\/connyscholz.de\/wp-content\/uploads\/2016\/01\/Teich-022010.jpg\"><img loading=\"lazy\" decoding=\"async\" class=\"size-medium wp-image-182\" src=\"http:\/\/connyscholz.de\/wp-content\/uploads\/2016\/01\/Teich-022010-300x225.jpg\" alt=\"Unicode\" width=\"300\" height=\"225\" srcset=\"https:\/\/connyscholz.de\/wp-content\/uploads\/2016\/01\/Teich-022010-300x225.jpg 300w, https:\/\/connyscholz.de\/wp-content\/uploads\/2016\/01\/Teich-022010-1024x768.jpg 1024w, https:\/\/connyscholz.de\/wp-content\/uploads\/2016\/01\/Teich-022010.jpg 1280w\" sizes=\"auto, (max-width: 300px) 100vw, 300px\" \/><\/a>\u00a0<a href=\"http:\/\/connyscholz.de\/wp-content\/uploads\/2016\/01\/Teichrosen.jpg\"><img loading=\"lazy\" decoding=\"async\" class=\"alignnone size-medium wp-image-184\" src=\"http:\/\/connyscholz.de\/wp-content\/uploads\/2016\/01\/Teichrosen-300x225.jpg\" alt=\"Teichrosen\" width=\"300\" height=\"225\" \/><\/a><\/p>\n<p>Meditation im Garten oder einfach Entspannung am Teich.. so wie es eben jeder mag!<\/p>\n<p><a href=\"http:\/\/connyscholz.de\/wp-content\/uploads\/2016\/01\/MangoldHochbeet.jpg\"><img loading=\"lazy\" decoding=\"async\" class=\"alignnone size-medium wp-image-175\" src=\"http:\/\/connyscholz.de\/wp-content\/uploads\/2016\/01\/MangoldHochbeet-225x300.jpg\" alt=\"MangoldHochbeet\" width=\"225\" height=\"300\" \/><\/a>\u00a0<a href=\"http:\/\/connyscholz.de\/wp-content\/uploads\/2016\/01\/MiniGew\u00e4chshaus.jpg\"><img loading=\"lazy\" decoding=\"async\" class=\"alignnone size-medium wp-image-200\" src=\"http:\/\/connyscholz.de\/wp-content\/uploads\/2016\/01\/MiniGew\u00e4chshaus-300x225.jpg\" alt=\"MiniGew\u00e4chshaus\" width=\"300\" height=\"225\" \/><\/a><a href=\"http:\/\/connyscholz.de\/wp-content\/uploads\/2016\/01\/Erweiterung-des-Gem\u00fcsegartens2015.jpg\"><img loading=\"lazy\" decoding=\"async\" class=\"alignnone size-medium wp-image-172\" src=\"http:\/\/connyscholz.de\/wp-content\/uploads\/2016\/01\/Erweiterung-des-Gem\u00fcsegartens2015-300x225.jpg\" alt=\"Erweiterung des Gem\u00fcsegartens2015\" width=\"300\" height=\"225\" \/><\/a>\u00a0<a href=\"http:\/\/connyscholz.de\/wp-content\/uploads\/2016\/01\/Winterspinat2016.jpg\"><img loading=\"lazy\" decoding=\"async\" class=\"alignnone size-medium wp-image-187\" src=\"http:\/\/connyscholz.de\/wp-content\/uploads\/2016\/01\/Winterspinat2016-225x300.jpg\" alt=\"Winterspinat2016\" width=\"225\" height=\"300\" \/><\/a><\/p>\n<p>Erweiterung des Gem\u00fcsegartens mit nun insgesamt 12 Hochbeeten in 2015 und z.B. Winterspinat im Januar ! &#8211;\u00a0 biologische (demeter) Lebensmittel f\u00fcr meine Kunden und mich.<\/p>\n<p><a href=\"http:\/\/connyscholz.de\/wp-content\/uploads\/2016\/01\/Wohnhaus.jpg\"><img loading=\"lazy\" decoding=\"async\" class=\"alignnone size-medium wp-image-193\" src=\"http:\/\/connyscholz.de\/wp-content\/uploads\/2016\/01\/Wohnhaus-300x225.jpg\" alt=\"Wohnhaus\" width=\"300\" height=\"225\" \/><\/a> <a href=\"http:\/\/connyscholz.de\/wp-content\/uploads\/2016\/01\/Wohnwagen-im-Garten.jpg\"><img loading=\"lazy\" decoding=\"async\" class=\"alignnone size-medium wp-image-194\" src=\"http:\/\/connyscholz.de\/wp-content\/uploads\/2016\/01\/Wohnwagen-im-Garten-300x225.jpg\" alt=\"Wohnwagen im Garten\" width=\"300\" height=\"225\" \/><\/a><\/p>\n<p>\u00dcbernachtung &#8211; ein G\u00e4stezimmer im Wohnhaus und ein Wohnwagen im Garten stehen zur Auswahl. Nat\u00fcrlich darfst Du im eigenen Zelt\/Schlafsack in freier Natur auf meinem Grundst\u00fcck w\u00e4hrend des Seminars auch kostenlos \u00fcbernachten. Das ist eine ganz eigene Erfahrung.<\/p>\n<p><a href=\"http:\/\/connyscholz.de\/wp-content\/uploads\/2016\/01\/Seminarhaus-im-Fr\u00fchling.jpg\"><img loading=\"lazy\" decoding=\"async\" class=\"alignnone size-medium wp-image-196\" src=\"http:\/\/connyscholz.de\/wp-content\/uploads\/2016\/01\/Seminarhaus-im-Fr\u00fchling-300x225.jpg\" alt=\"Seminarhaus im Fr\u00fchling\" width=\"300\" height=\"225\" \/><\/a> <a href=\"http:\/\/connyscholz.de\/wp-content\/uploads\/2016\/01\/Seminarhaus-im-fr\u00fchen-Fr\u00fchling.jpg\"><img loading=\"lazy\" decoding=\"async\" class=\"alignnone size-medium wp-image-195\" src=\"http:\/\/connyscholz.de\/wp-content\/uploads\/2016\/01\/Seminarhaus-im-fr\u00fchen-Fr\u00fchling-300x225.jpg\" alt=\"Seminarhaus im fr\u00fchen Fr\u00fchling\" width=\"300\" height=\"225\" \/><\/a> <a href=\"http:\/\/connyscholz.de\/wp-content\/uploads\/2016\/01\/Seminarhaus-in-Winterpause.jpg\"><img loading=\"lazy\" decoding=\"async\" class=\"alignnone size-medium wp-image-197\" src=\"http:\/\/connyscholz.de\/wp-content\/uploads\/2016\/01\/Seminarhaus-in-Winterpause-300x225.jpg\" alt=\"Seminarhaus in Winterpause\" width=\"300\" height=\"225\" \/><\/a><\/p>\n<p>Seminare und Trainings in idyllischer Landschaft, in Ruhe und Stille&#8230;<\/p>\n<p><a href=\"http:\/\/connyscholz.de\/wp-content\/uploads\/2016\/01\/Meisenhaus.jpg\"><img loading=\"lazy\" decoding=\"async\" class=\"alignnone size-medium wp-image-177\" src=\"http:\/\/connyscholz.de\/wp-content\/uploads\/2016\/01\/Meisenhaus-225x300.jpg\" alt=\"Meisenhaus\" width=\"225\" height=\"300\" \/><\/a> <a href=\"http:\/\/connyscholz.de\/wp-content\/uploads\/2016\/01\/Dissi-die-Haus-und-Hofkatze-klettert.jpg\"><img loading=\"lazy\" decoding=\"async\" class=\"alignnone size-medium wp-image-170\" src=\"http:\/\/connyscholz.de\/wp-content\/uploads\/2016\/01\/Dissi-die-Haus-und-Hofkatze-klettert-225x300.jpg\" alt=\"Dissi - die Haus und Hofkatze klettert\" width=\"225\" height=\"300\" \/><\/a><\/p>\n<p>Hoch oben &#8230; das Meisenhaus und gleich daneben Dissi (die Haus &#8211; und Hofkatze) im Apfelbaum<\/p>\n<hr \/>\n<p><strong>Mal-Workshops in Buch &#8211; &#8222;Bilder sagen mehr als Worte&#8220;<\/strong><\/p>\n<p><strong>Freude, Spa\u00df und Begeisterung von Kunden beim Malen der eigenen Seelenbilder. Bring Farbe in Dein Leben, so l\u00f6st sich manches Problem einfach auf!\u00a0 \u00a0<\/strong><\/p>\n<p><a href=\"http:\/\/connyscholz.de\/wp-content\/uploads\/2016\/01\/MalWerkstatt.jpg\"><img loading=\"lazy\" decoding=\"async\" class=\"alignnone size-medium wp-image-159\" src=\"http:\/\/connyscholz.de\/wp-content\/uploads\/2016\/01\/MalWerkstatt-300x212.jpg\" alt=\"MalWerkstatt\" width=\"300\" height=\"212\" \/><\/a>\u00a0<a href=\"http:\/\/connyscholz.de\/wp-content\/uploads\/2016\/01\/Stefan1.jpg\"><img loading=\"lazy\" decoding=\"async\" class=\"alignnone wp-image-221 size-medium\" src=\"http:\/\/connyscholz.de\/wp-content\/uploads\/2016\/01\/Stefan1-300x221.jpg\" alt=\"\" width=\"300\" height=\"221\" srcset=\"https:\/\/connyscholz.de\/wp-content\/uploads\/2016\/01\/Stefan1-300x221.jpg 300w, https:\/\/connyscholz.de\/wp-content\/uploads\/2016\/01\/Stefan1.jpg 999w\" sizes=\"auto, (max-width: 300px) 100vw, 300px\" \/><\/a><\/p>\n<p><a href=\"http:\/\/connyscholz.de\/wp-content\/uploads\/2016\/01\/Silvia.jpg\"><img loading=\"lazy\" decoding=\"async\" class=\"alignnone size-medium wp-image-214\" src=\"http:\/\/connyscholz.de\/wp-content\/uploads\/2016\/01\/Silvia-300x194.jpg\" alt=\"Silvia\" width=\"300\" height=\"194\" \/><\/a> <a href=\"http:\/\/connyscholz.de\/wp-content\/uploads\/2016\/01\/PausenZeit-beim-MalWorkshop.jpg\"><img loading=\"lazy\" decoding=\"async\" class=\"alignnone size-medium wp-image-213\" src=\"http:\/\/connyscholz.de\/wp-content\/uploads\/2016\/01\/PausenZeit-beim-MalWorkshop-300x209.jpg\" alt=\"PausenZeit beim MalWorkshop\" width=\"300\" height=\"209\" \/><\/a><\/p>\n<p><a href=\"http:\/\/connyscholz.de\/wp-content\/uploads\/2016\/01\/Martina2015.jpg\"><img loading=\"lazy\" decoding=\"async\" class=\"alignnone size-medium wp-image-212\" src=\"http:\/\/connyscholz.de\/wp-content\/uploads\/2016\/01\/Martina2015-300x189.jpg\" alt=\"Martina2015\" width=\"300\" height=\"189\" \/><\/a>\u00a0<a href=\"http:\/\/connyscholz.de\/wp-content\/uploads\/2016\/01\/Malgruppe2014.jpg\"><img loading=\"lazy\" decoding=\"async\" class=\"alignnone size-medium wp-image-211\" src=\"http:\/\/connyscholz.de\/wp-content\/uploads\/2016\/01\/Malgruppe2014-300x263.jpg\" alt=\"Malgruppe2014\" width=\"300\" height=\"263\" \/><\/a>\u00a0 \u00a0 \u00a0 \u00a0 \u00a0 \u00a0 \u00a0 \u00a0\u00a0<a href=\"http:\/\/connyscholz.de\/wp-content\/uploads\/2016\/01\/LisaSep2014.jpg\"><img loading=\"lazy\" decoding=\"async\" class=\"alignnone size-medium wp-image-210\" src=\"http:\/\/connyscholz.de\/wp-content\/uploads\/2016\/01\/LisaSep2014-197x300.jpg\" alt=\"LisaSep2014\" width=\"197\" height=\"300\" \/><\/a>\u00a0 \u00a0 \u00a0 \u00a0 \u00a0 \u00a0 \u00a0 \u00a0\u00a0 <a href=\"http:\/\/connyscholz.de\/wp-content\/uploads\/2016\/01\/Lisa.jpg\"><img loading=\"lazy\" decoding=\"async\" class=\"alignnone size-medium wp-image-209\" src=\"http:\/\/connyscholz.de\/wp-content\/uploads\/2016\/01\/Lisa-300x208.jpg\" alt=\"Lisa\" width=\"300\" height=\"208\" \/><\/a><\/p>\n<p><a href=\"http:\/\/connyscholz.de\/wp-content\/uploads\/2016\/01\/Kurt.jpg\"><img loading=\"lazy\" decoding=\"async\" class=\"alignnone size-medium wp-image-208\" src=\"http:\/\/connyscholz.de\/wp-content\/uploads\/2016\/01\/Kurt-300x293.jpg\" alt=\"Kurt\" width=\"300\" height=\"293\" \/><\/a>\u00a0 \u00a0\u00a0<a href=\"http:\/\/connyscholz.de\/wp-content\/uploads\/2016\/01\/Kundin.jpg\"><img loading=\"lazy\" decoding=\"async\" class=\"alignnone size-medium wp-image-207\" src=\"http:\/\/connyscholz.de\/wp-content\/uploads\/2016\/01\/Kundin-284x300.jpg\" alt=\"Kundin\" width=\"284\" height=\"300\" \/><\/a><\/p>\n<p><a href=\"http:\/\/connyscholz.de\/wp-content\/uploads\/2016\/01\/Irene.jpg\"><img loading=\"lazy\" decoding=\"async\" class=\"alignnone size-medium wp-image-206\" src=\"http:\/\/connyscholz.de\/wp-content\/uploads\/2016\/01\/Irene-300x224.jpg\" alt=\"Irene\" width=\"300\" height=\"224\" \/><\/a>\u00a0<a href=\"http:\/\/connyscholz.de\/wp-content\/uploads\/2016\/01\/Doris.jpg\"><img loading=\"lazy\" decoding=\"async\" class=\"size-medium wp-image-205\" src=\"http:\/\/connyscholz.de\/wp-content\/uploads\/2016\/01\/Doris-300x225.jpg\" alt=\"SAMSUNG\" width=\"300\" height=\"225\" \/><\/a><\/p>\n<p><a style=\"font-size: 16px; line-height: 1.5;\" href=\"http:\/\/connyscholz.de\/wp-content\/uploads\/2016\/01\/Claudia.jpg\"><img loading=\"lazy\" decoding=\"async\" class=\"alignnone size-medium wp-image-204\" src=\"http:\/\/connyscholz.de\/wp-content\/uploads\/2016\/01\/Claudia-225x300.jpg\" alt=\"Claudia\" width=\"225\" height=\"300\" \/><\/a>\u00a0 \u00a0 \u00a0 \u00a0 \u00a0 \u00a0<a href=\"http:\/\/connyscholz.de\/wp-content\/uploads\/2016\/01\/Angelika-e1452615932956.jpg\"><img loading=\"lazy\" decoding=\"async\" class=\"alignnone size-medium wp-image-203\" src=\"http:\/\/connyscholz.de\/wp-content\/uploads\/2016\/01\/Angelika-300x195.jpg\" alt=\"Angelika\" width=\"300\" height=\"195\" \/><\/a><\/p>\n","protected":false},"excerpt":{"rendered":"<p>Der Veranstaltungsort in Buch &#8211; ein Platz zum Ruhen, Entspannen, Genie\u00dfen und Entdecken&#8230; und wenn 6000 qm nicht gen\u00fcgen&#8230; nebenan sind Wald und Wiesen! Der Garten im Sommer &#8211; ein Sommertraum zur Erholung. \u00a0 Das Seminarhaus &#8211; Schwimmteich &#8211; Apfelb\u00e4ume und mehr&#8230; \u00a0 \u00a0 Meditation im Garten oder einfach Entspannung am Teich.. so wie es &hellip; <a href=\"https:\/\/connyscholz.de\/?page_id=156\" class=\"more-link\"><span class=\"screen-reader-text\">Ambiente<\/span> weiterlesen <span class=\"meta-nav\">&rarr;<\/span><\/a><\/p>\n","protected":false},"author":1,"featured_media":0,"parent":0,"menu_order":0,"comment_status":"closed","ping_status":"closed","template":"","meta":{"footnotes":""},"class_list":["post-156","page","type-page","status-publish","hentry"],"_links":{"self":[{"href":"https:\/\/connyscholz.de\/index.php?rest_route=\/wp\/v2\/pages\/156","targetHints":{"allow":["GET"]}}],"collection":[{"href":"https:\/\/connyscholz.de\/index.php?rest_route=\/wp\/v2\/pages"}],"about":[{"href":"https:\/\/connyscholz.de\/index.php?rest_route=\/wp\/v2\/types\/page"}],"author":[{"embeddable":true,"href":"https:\/\/connyscholz.de\/index.php?rest_route=\/wp\/v2\/users\/1"}],"replies":[{"embeddable":true,"href":"https:\/\/connyscholz.de\/index.php?rest_route=%2Fwp%2Fv2%2Fcomments&post=156"}],"version-history":[{"count":32,"href":"https:\/\/connyscholz.de\/index.php?rest_route=\/wp\/v2\/pages\/156\/revisions"}],"predecessor-version":[{"id":316,"href":"https:\/\/connyscholz.de\/index.php?rest_route=\/wp\/v2\/pages\/156\/revisions\/316"}],"wp:attachment":[{"href":"https:\/\/connyscholz.de\/index.php?rest_route=%2Fwp%2Fv2%2Fmedia&parent=156"}],"curies":[{"name":"wp","href":"https:\/\/api.w.org\/{rel}","templated":true}]}}