{"id":115,"date":"2015-12-06T15:01:54","date_gmt":"2015-12-06T15:01:54","guid":{"rendered":"http:\/\/connyscholz.de\/?page_id=115"},"modified":"2016-04-10T14:24:35","modified_gmt":"2016-04-10T14:24:35","slug":"referenzen","status":"publish","type":"page","link":"https:\/\/connyscholz.de\/?page_id=115","title":{"rendered":"Referenzen"},"content":{"rendered":"<blockquote style=\"font-size: 18px;\"><p>\u201cDie Arbeit von Conny Scholz, hat mich immer wieder an meinen entscheidenden Weggabelungen wunderbar unterst\u00fctzt.<\/p>\n<p>Sei es in der Arbeit als Coach oder wenn Sie mir ein Reading gemacht hat. Ihre professionelle Arbeitsweise, finde ich extrem hilfreich in einem Bereich, der augenscheinlich nicht so greifbar ist.<br \/>\nMein Highlight mit Conny Scholz war der Malworkshop. Abgesehen von einem sch\u00f6nen, klaren Ambiente tr\u00e4gt auch die Unterkunft und k\u00f6stliche Verpflegung dazu bei sich von Anfang an wohl zu f\u00fchlen.<br \/>\nConny begleitete mich auf einer sehr intensiven Reise zu mir. Mein Malen und ihre Begleitung flossen zusammen und es entstand ein fruchtbarer Fluss. Jedes Mal wenn ich stockte, wusste sie genau was zu tun war, damit der Fluss f\u00fcr mich weitergehen konnte. Eine wundervolle Arbeit, die mich sehr ber\u00fchrte und meine Wahrnehmung immer wieder best\u00e4tigte. Es grenzt schon an Magie, wie intensiv Conny genau sp\u00fcrt was es jeden Moment braucht. Chapeau!<br \/>\nNeben, der inneren Kl\u00e4rung, dass ich beim Malworkshop viele alte Themen aufgel\u00f6st habe, sind wundervolle Bilder entstanden die ich jedem gerne zeige. Von Herzen Danke an Conny und ich kann Ihre Arbeit nur jedem w\u00e4rmstens ans Herz legen, da er\/sie bei Conny in besten H\u00e4nden ist.\u201d<\/p><\/blockquote>\n<p>Kurt H\u00f6rmann, M\u00fcnchen<\/p>\n<hr \/>\n<blockquote style=\"font-size: 18px;\"><p>\u201cMit meinen besten W\u00fcnschen f\u00fcr Conny Scholz<\/p>\n<p>So eine Lebensberatung erfordert tiefes Vertrauen. Wem traut\u00a0 man schon zu, sein eigenes Lebensziel aus dem morphischen Feld zu lesen?<br \/>\nIst diese Person f\u00e4hig, das, was ihr die lichtvolle, geistige Welt mitteilt, einerseits richtig zu erkennen und zu interpretieren und andererseits verst\u00e4ndlich an den Menschen weiter zu geben, der Rat und Hilfe sucht.<br \/>\nKann die Therapeutin \u201ePolterer\u201c von lichtvollen Wesen unterscheiden, die wohlwollend sind.<br \/>\nHeilen ist die Kunst der feinf\u00fchligen Intuition gepaart mit gro\u00dfer Erfahrung. Conny ist dar\u00fcber hinaus auch sehr achtsam und stellt sich mit gro\u00dfem Respekt den heilenden Kr\u00e4ften als Kanal zur Verf\u00fcgung.<br \/>\nDa sie auch bodenst\u00e4ndig, ruhig und sicher ist, wie sensitiv und achtsam, hatte ich gleich Vertrauen zu ihr.<\/p>\n<p>Gottes guter Segen sei mit Dir, Liebe Conny.<\/p>\n<p>Gl\u00fcck auf!\u201d<\/p><\/blockquote>\n<p>Maria W. aus Bamberg, arbeitet im Tourismus<\/p>\n<hr \/>\n<blockquote style=\"font-size: 18px;\"><p>\u201cMeine Erfahrungen bei der K\u00fcnstlerin Conny S. habe ich in zwei Malworkshops gesammelt.<\/p>\n<p>Beide dauerten jeweils zwei Tage und waren f\u00fcr meine Entwicklung von gro\u00dfer Bedeutung.<br \/>\nIch war auf der Suche nach einer L\u00f6sung, ich f\u00fchlte mich blockiert, traurig und hatte das Gef\u00fchl, nicht vorw\u00e4rts zu kommen. Was genau dem jeweiligen Gef\u00fchlszustand zugrunde lag, fand ich in der Zeit bei Conny S. in Buch heraus.<br \/>\nIn einem hellen, luftigen Raum stehen Leinw\u00e4nde, Pinsel, unz\u00e4hlige Farben und Conny den Teilnehmern zur Verf\u00fcgung, um durch die Farbschwingung zu einem Gef\u00fchl zu finden, das ein Gr\u00fcn, Blau, Lila oder Rot in Gang setzt. Jeder Farbauftrag ver\u00e4ndert die Selbstwahrnehmung, jede Ver\u00e4nderung f\u00fchrt zu einem neuen Gef\u00fchl. Manche Farben m\u00f6chte man gar nicht mehr weglegen, sie tun der Seele gut, als w\u00e4re man durstig danach. Irgendwann aber kommt wieder etwas Neues und man verabschiedet die Farbe, mitsamt ihrer Gef\u00fchlswelt.<br \/>\nConny ist dabei von unvergleichlicher Wichtigkeit f\u00fcr den gesamten Prozess. Sie steht hilfreich zur Seite, wenn es einmal stockt, wenn Gef\u00fchle unklar sind oder der Kopf zu sehr die Situation regiert.<br \/>\nSie f\u00fchrt den Teilnehmer an das heran, was er selbst aufgrund fehlender Aussensicht nicht sehen oder wahrnehmen kann und fragt genau nach, ob das, was sie sp\u00fcrt, stimmig f\u00fcr denjenigen ist.<br \/>\nIhr gro\u00dfes Einf\u00fchlungsverm\u00f6gen schafft eine wunderbare, vertrauensvolle Umgebung, in der das Malen, das \u201eaus-sich-heraus-malen\u201c zum Heilungsprozess wird.<br \/>\nIn dem mitten in Wald und Wiesen gelegenen Haus, in dem die Workshops stattfinden, f\u00e4llt es jedem leicht, sich der Ruhe und Kraft der Natur hinzugeben, besonders wenn in der Mittags-und Kaffeepause ein von Conny gezaubertes Essen oder Kaffee im Garten am Seerosenteich serviert werden. Die Pausen sind wichtig und k\u00f6nnen dazu dienen, sich dessen, was schon alles passiert und aufgel\u00f6st ist, gewahr zu werden.<br \/>\nAm Ende eines jeden Malworkshops hat man sich zwei Tage intensiv mit dem eigenen Ich befasst und viel aufgel\u00f6st, Traumata, \u00c4ngste, bis dahin unbewusste oder nicht beendete Themen.<br \/>\nAn der Wand hat man ein, zwei oder drei Bilder vollendet, die alle Symbolisch f\u00fcr die innere Arbeit und den Prozess stehen, den man durchlaufen hat.<br \/>\nEin Bild ist meistens besonders kraftvoll. Dieses Bild aufzuh\u00e4ngen kann ich nur empfehlen, denn es strahlt noch Jahre immer wieder in seinen unterschiedlichen Facetten. Die Farbwahrnehmung ver\u00e4ndert sich, mal ist die eine Schicht st\u00e4rker wahrnehmbar, mal die andere. Das Bild bleibt jedoch immer ein Kraftpunkt in der Wohnung, ein Ort der Freude und Zuversicht, des Trostes oder der Ruhe.<br \/>\nIch werde jederzeit gerne wieder einen Kurs von Conny S. Besuchen. Ihre Arbeit und ihre Begabung sind einzigartig, magisch. Der Ort an dem die Workshops stattfinden tr\u00e4gt durch seine Ruhe und Naturn\u00e4he au\u00dferdem sehr zum Heilungsprozess bzw. zur Entwicklung bei.<br \/>\nJeder Malprozess hat in mir etwas zum Vorschein und zur Weiterentwicklung gebracht und ich bin sehr dankbar f\u00fcr jede von ihnen.\u201d<\/p><\/blockquote>\n<p>Julia, 31<\/p>\n<hr \/>\n<blockquote style=\"font-size: 18px;\"><p>\u201cIch habe letztes Jahr den Energy-Profi Kurs in Buch mitgemacht.<br \/>\nDie Treffen waren einzigartig. Ich habe vieles neues entdeckt, die Gruppe war immer sehr harmonisch und wir hatten auch sehr viel zu lachen.<br \/>\nDabei kam aber die Ernsthaftigkeit der Arbeit nicht zu kurz.<br \/>\nJedes Mal durfte man gespannt sein was sich Conny wieder f\u00fcr uns ausgedacht hat.<br \/>\nEs wurde meditiert, erz\u00e4hlt, gespielt und auch gemalt- f\u00fcr mich ein ganz besonderes Highlight.<br \/>\nIn einem wundersch\u00f6nen Ambiente und viel Natur, n\u00e4mlich Connys Garten und umliegenden Wald gingen wir auf Spurensuche und Entdeckungsreise. Dort durften wir aus den vollen sch\u00f6pfen.<br \/>\nDie Treffen waren immer sehr gut organisiert, Conny war gut vorbereitet und lie\u00df trotzdem Raum f\u00fcr Aktuelles.<br \/>\nAuch jetzt noch in der Zeit danach kl\u00e4ren sich Dinge, die bei diesem Kurs angesto\u00dfen wurden.<br \/>\nNicht zuletzt war die Verpflegung immer sehr lecker und liebevoll zubereitet.\u201d<\/p><\/blockquote>\n<p>Ingrid aus Ottendorf, S\u00e4ngerin<\/p>\n<hr \/>\n<blockquote style=\"font-size: 18px;\"><p>\u201cDer Malworkshop, den ich zusammen mit meiner Tochter erleben durfte, hat mich tief ber\u00fchrt. Davor h\u00e4tte ich nicht geglaubt, welche Seelenbilder da in mir schlummern. Du hast es verstanden, intuitiv mir\/uns genau die Hilfestellungen und Hinweise zu geben, die ich\/wir im jeweiligen Moment brauchte\/n und behutsam das an die Oberfl\u00e4che geholt, was sich zeigen wollte. Zeit und Raum wurden irgendwann v\u00f6llig unwichtig, es wollten nur Farben und Gef\u00fchle auf die (Lein-)Wand gebracht werden. Sogar das k\u00f6stliche Essen und Dein wundersch\u00f6ner Garten traten in den Hintergrund. Ich fand es total spannend, diesen Prozess zu erleben, den jedes meiner Seelenbilder durchlaufen hat. \u00dcbrigens hat jedes jetzt einen festen Platz im Haus und ich freue mich jedes Mal, wenn ich sie betrachte, sie sind so kraftvoll -ein jedes auf seine ganz eigene Weise. Vielen, vielen Dank f\u00fcr Deine tolle, einf\u00fchlsame Arbeit und Begleitung und die liebevolle Versorgung, wir kommen wieder!\u201d<\/p><\/blockquote>\n<p>Susanne V. aus Kronach, Physiotherapeutin<\/p>\n<hr \/>\n<blockquote style=\"font-size: 18px;\"><p>\u201cSeit vielen Jahren kenne ich Conny Scholz und ihre Arbeit.<br \/>\nIch habe viele Termine bei ihr wahrgenommen und f\u00fcr mich Hilfe und Weichenstellung erfahren.<br \/>\nEinzelgespr\u00e4che, Readings, Jahresseminare, Tagesseminare, Meditationen im Garten &#8211; egal, alles war individuell und ausgesprochen liebevoll.<br \/>\nDie wundervolle Umgebung ihres Hauses, das Seminarh\u00e4uschen, die kraftvolle Natur im Garten, die aufwendige Verpflegung &#8211; alles trug zum Wohlgef\u00fchl bei.\u201d<\/p>\n<p>Conny arbeitet als Coach mit Herzblut und voller Liebe.<br \/>\nIch w\u00fcnsche mir jetzt nur noch die Erfahrung eines Malworkshops &#8211; das wird ein H\u00f6hepunkt!\u201d<\/p><\/blockquote>\n<p>Liselotte B., 96328 K\u00fcps<\/p>\n<hr \/>\n<blockquote style=\"font-size: 18px;\"><p>\u201cLiebe Conny,<\/p>\n<p>ich habe den Energiekurs sehr genossen. Ich war mehr als beeindruckt \u00fcber dein<br \/>\nWissen und die liebevolle Vorbereitung der Unterlagen sowie der Workshoptage. Wir\u00a0haben viel gelernt. Ganz besonders gut fand ich, dass wir alles gleich anwenden\u00a0konnten und nicht nur Theorie geh\u00f6rt haben. Auch dass du dich immer um unser\u00a0Befinden gek\u00fcmmert hast. Was noch zu erw\u00e4hnen ist\u2026.das Ambiente bei dir in Buch\u00a0ist wirklich umwerfend und es passt so gut als Ort f\u00fcr diesen Workshop und f\u00fcr alle\u00a0anderen Kurse die du anbietest.<\/p>\n<p>Liebe Gr\u00fc\u00dfe und ich mache bestimmt mal wieder einen Kurs mit\u2026..\u201d<\/p><\/blockquote>\n<p>Doris,\u00a0Kronach, 13.05.2015<\/p>\n<hr \/>\n<blockquote style=\"font-size: 18px;\"><p><b>Numerologie-Seminar\u00a0<\/b><\/p>\n<p>\u201cObwohl ich die einzige Teilnehmerin an diesem Termin war, haben Conny und ich das Numerologie-Seminar durchgef\u00fchrt, was f\u00fcr mich pers\u00f6nlich gro\u00dfartig war, denn dieses Seminar gab mir MUT mein Leben zu \u00c4NDERN.<\/p>\n<p>Ich hatte einen sicheren Job im B\u00fcro, bei dem ich auch genug Geld verdient habe. Warum also was \u00e4ndern? Genau darum! Ich ging jeden Morgen auf die Arbeit, wie wahrscheinlich so ziemlich viele, weil ich musste und weil man das so macht! Aber war ich wirklich gl\u00fccklich mit dem was ich machte? NEIN!<\/p>\n<p>W\u00e4hrend des Numerologie-Seminares mit Conny wurde es mir immer BEWUSSTER und ich wusste dann auch was ICH wollte. Ich ging nach Hause, schrieb eine Bewerbung, wurde genommen und bin gl\u00fccklich, bei dem was ich jetzt mache. Ich verkaufe den Menschen die sch\u00f6nsten Wochen des Jahres und sehe dabei noch die Welt. F\u00fcr mich einfach ein Traum!<\/p>\n<p>Das Ambiente in Buch und Connys leckeres Essen an diesem Tag gaben mir Kraft und Zuversicht. Danke Conny!!!\u201d<\/p><\/blockquote>\n<p>Susanne B. aus Kehlbach, Reiseverkehrskauffrau<\/p>\n<hr \/>\n<blockquote style=\"font-size: 18px;\"><p>\u201cIch habe mich ganz unerwartet auf das Erlebnis, mit Seelenfarben zu malen, eingelassen.\u00a0Erlebt habe ich dadurch eine ganz besondere, wunderbar gef\u00fchrte Reise durch mein Leben .\u00a0Ungewohnt war\u00a0es nur\u00a0den Verstand zu ignorieren, damit ich meine Gef\u00fchle auf die Leinwand bringen konnte. Es galt eben\u00a0los zu lassen.\u00a0Dies erfolgte durch eine stets professionell und psychologisch einf\u00fchlsame Anleitung. Nur durch diese besondere pers\u00f6nliche Art von Conny\u00a0fand ich den Weg zu meinen Wurzeln.\u00a0\u00a0Dieses besondere Malerlebnis sollte sich jeder g\u00f6nnen, der diese K\u00fcnstlerin kennt.\u201d<\/p><\/blockquote>\n<p>Claudia, Berlin, Pension\u00e4rin<\/p>\n<hr \/>\n<blockquote style=\"font-size: 18px;\"><p>\u201cIch war bei Conny um&#8220; Intuitiv zu Malen&#8220;. Die \u00d6rtlichkeit in Buch war perfekt &#8211; mitten im Gr\u00fcnen, verbunden mit der Natur und ganz viel Ruhe!<\/p>\n<p>Conny war w\u00e4hrend des Workshops immer pr\u00e4sent und wusste genau, wann ich ihre Hilfe brauchte. In diesem Workshop konnte ich mit einer gro\u00dfen emotionalen Sache aufr\u00e4umen und abschlie\u00dfen. Conny ist eine super Gastgeberin, uns hat es an nichts gefehlt. Sie ist sehr feinf\u00fchlig und ein Herzens-Mensch. Man kann ihr sofort Vertrauen und wei\u00df, dass man bei ihr bestens aufgehoben ist. Liebe Conny, vielen Dank daf\u00fcr.\u201d<\/p><\/blockquote>\n<p>Ina, Neustadt bei Coburg, Vitalkost-Coach<\/p>\n<hr \/>\n<blockquote style=\"font-size: 18px;\"><p>\u201cIch kenne Conny S. vom Morphischen Feld lesen und sch\u00e4tzte sie schon f\u00fcr diese Arbeit sehr.<br \/>\nNun durfte ich \u00fcber diesen Weg bei ihr zwei Malworkshops, je zwei Tage mit machen und erfahren wie heilvoll das Malen bei ihr ist. Nicht nur die liebevolle, mediale Unterst\u00fctzung w\u00e4hrend des Malens, sondern auch das Ambiente und die Versorgung ihrerseits w\u00e4hrend der zwei Tage sind ganz besonders. Ich f\u00fchlte mich sehr aufgehoben und getragen in ihrer gr\u00fcnen Oase in Buch.<\/p>\n<p>Ich kann jedem nur empfehlen sich auf das intuitive Malen mit der Seele einzulassen, es ist sehr bereichernd und l\u00f6send von Themen die wir nicht sehen k\u00f6nnen, ein wahrer Schatz.\u201d<\/p><\/blockquote>\n<p>Martina Weisel, M\u00fcnchen<\/p>\n<hr \/>\n<blockquote style=\"font-size: 18px;\">\n<p class=\"western\">Bei Conny f\u00fchlt man sich immer willkommen inmitten ihres zauberhaften Anwesens in Buch. Apropos Buch. Conny ist ein Mensch mit einem Wissen, daf\u00fcr br\u00e4uchte man viele B\u00fccher. Sie birgt einen gro\u00dfen Schatz in sich, den sie gerne mit Interessierten teilt. Sie nimmt den Mensch individuell wahr und geht auf die Bed\u00fcrfnisse des Einzelnen ein. Sie hilft den Teilnehmern sich selbst wahrzunehmen, das Herz zu \u00f6ffnen und auf die innere Stimme zu h\u00f6ren, welche f\u00fcr unser Wohlbefinden und unser Gl\u00fccklichsein ausschlaggebend ist.<\/p>\n<p class=\"western\">Neben vielen M\u00f6glichkeiten sich selbst zu entfalten, bietet Conny ein mega leckeres Essen und l\u00e4sst keine W\u00fcnsche offen. Ich bin sehr dankbar, dass ich Conny begegnet bin.<\/p>\n<\/blockquote>\n<p class=\"western\">K. aus Kronach<\/p>\n","protected":false},"excerpt":{"rendered":"<p>\u201cDie Arbeit von Conny Scholz, hat mich immer wieder an meinen entscheidenden Weggabelungen wunderbar unterst\u00fctzt. Sei es in der Arbeit als Coach oder wenn Sie mir ein Reading gemacht hat. Ihre professionelle Arbeitsweise, finde ich extrem hilfreich in einem Bereich, der augenscheinlich nicht so greifbar ist. Mein Highlight mit Conny Scholz war der Malworkshop. Abgesehen &hellip; <a href=\"https:\/\/connyscholz.de\/?page_id=115\" class=\"more-link\"><span class=\"screen-reader-text\">Referenzen<\/span> weiterlesen <span class=\"meta-nav\">&rarr;<\/span><\/a><\/p>\n","protected":false},"author":1,"featured_media":0,"parent":0,"menu_order":0,"comment_status":"closed","ping_status":"closed","template":"","meta":{"footnotes":""},"class_list":["post-115","page","type-page","status-publish","hentry"],"_links":{"self":[{"href":"https:\/\/connyscholz.de\/index.php?rest_route=\/wp\/v2\/pages\/115","targetHints":{"allow":["GET"]}}],"collection":[{"href":"https:\/\/connyscholz.de\/index.php?rest_route=\/wp\/v2\/pages"}],"about":[{"href":"https:\/\/connyscholz.de\/index.php?rest_route=\/wp\/v2\/types\/page"}],"author":[{"embeddable":true,"href":"https:\/\/connyscholz.de\/index.php?rest_route=\/wp\/v2\/users\/1"}],"replies":[{"embeddable":true,"href":"https:\/\/connyscholz.de\/index.php?rest_route=%2Fwp%2Fv2%2Fcomments&post=115"}],"version-history":[{"count":21,"href":"https:\/\/connyscholz.de\/index.php?rest_route=\/wp\/v2\/pages\/115\/revisions"}],"predecessor-version":[{"id":289,"href":"https:\/\/connyscholz.de\/index.php?rest_route=\/wp\/v2\/pages\/115\/revisions\/289"}],"wp:attachment":[{"href":"https:\/\/connyscholz.de\/index.php?rest_route=%2Fwp%2Fv2%2Fmedia&parent=115"}],"curies":[{"name":"wp","href":"https:\/\/api.w.org\/{rel}","templated":true}]}}